{"id":548,"date":"2023-05-23T10:40:42","date_gmt":"2023-05-23T10:40:42","guid":{"rendered":"https:\/\/5bn.at\/?post_type=product&#038;p=548"},"modified":"2025-12-10T20:53:00","modified_gmt":"2025-12-10T19:53:00","slug":"der-geheimnisvolle-fell-fluch","status":"publish","type":"product","link":"https:\/\/5bn.at\/en\/product\/der-geheimnisvolle-fell-fluch\/","title":{"rendered":"Der geheimnisvolle Fell-Fluch, inkl. Versand nach Deutschland und \u00d6sterreich"},"content":{"rendered":"<div>\n<p class=\"top20\"><b><u>Hintergrund<\/u><\/b><br \/>\nEs gibt viele Erwachsenen-Einf\u00fchrungen in die 5 Biologischen Naturgesetze, aber nahezu keine, die interessant und verst\u00e4ndlich f\u00fcr Kinder und Jugendliche sind. Dies \u00e4ndert sich mit dieser spannenden Abenteuergeschichte f\u00fcr Kinder ab 6 Jahren:<br \/>\nZielsetzung ist es, die kindliche Begeisterung zu wecken, w\u00e4hrend diese beim (Vor-)Lesen zwei Indianer-Kinder dabei begleiten, wie sie die Grundlagen dieser v\u00f6llig neuen Sichtweise auf Ver\u00e4nderungen im K\u00f6rper auf abenteuerliche spannende Weise entdecken.<\/p>\n<\/div>\n<div class=\"top20\">\n<p><b><u>Klappentext des Buches:<\/u><\/b><\/p>\n<p><i>\u201eMit diesem Buch h\u00e4ltst du die Aufzeichnungen von Stiller Baum in H\u00e4nden. Er wollte, dass die Abenteuer von Adjun, Yumi, Hama und den anderen Stammesmitgliedern nicht nur rund ums Lagerfeuer erz\u00e4hlt werden, sondern hinausgetragen werden in die gro\u00dfe, weite Welt.<\/i><\/p>\n<p>F\u00fcr jene von euch, die diese Aufzeichnungen mit offenem Herzen lesen, bergen sie einen gro\u00dfen, wertvollen Schatz.<\/p>\n<p>Es sind Geheimnisse, die zun\u00e4chst wie R\u00e4tsel anmuten und die euch, die ihr reinen Herzens begreifen wollt, auf den abenteuerlichen Pfad zum Verst\u00e4ndnis eures eigenen K\u00f6rpers f\u00fchren.<\/p>\n<p>Wir k\u00f6nnen nicht beschw\u00f6ren, dass sich die Geschichte in allen Einzelheiten so zugetragen hat. Doch Stiller Baum hat uns seine Erinnerungen anvertraut \u2013 und in seiner Erinnerung, so sagte er, hat sich alles wahrhaftig so angef\u00fchlt.<br \/>\nKomm nun mit auf den Pfad von Adjun und Yumi! Entdecke mit ihnen, wie r\u00e4tselhaftes Fellwachstum ihres Schafs Halbmond sie auf verschlungenen Wegen zu gro\u00dfen Erkenntnissen \u00fcber die Funktionsweise unseres K\u00f6rpers f\u00fchrt. Entdecke, wie alles in der Natur einen tiefen Sinn hat. Vertrau beim Lesen der Aufzeichnungen auf dein eigenes Gef\u00fchl und entdecke, was schon immer da war. Aho!\u201c<\/p>\n<\/div>","protected":false},"excerpt":{"rendered":"<p>Hintergrund Es gibt viele Erwachsenen-Einf\u00fchrungen in die 5 Biologischen Naturgesetze, aber nahezu keine, die interessant und verst\u00e4ndlich f\u00fcr Kinder und Jugendliche sind. Dies \u00e4ndert sich mit dieser spannenden Abenteuergeschichte f\u00fcr [&hellip;]<\/p>","protected":false},"featured_media":4900,"comment_status":"open","ping_status":"closed","template":"","meta":[],"product_brand":[],"product_cat":[215,22],"product_tag":[],"class_list":{"0":"post-548","1":"product","2":"type-product","3":"status-publish","4":"has-post-thumbnail","6":"product_cat-german-only","7":"product_cat-shop","9":"first","10":"instock","11":"shipping-taxable","12":"purchasable","13":"product-type-simple"},"publishpress_future_action":{"enabled":false,"date":"2026-05-04 13:50:22","action":"change-status","newStatus":"draft","terms":[],"taxonomy":"product_brand","extraData":[]},"publishpress_future_workflow_manual_trigger":{"enabledWorkflows":[]},"_links":{"self":[{"href":"https:\/\/5bn.at\/en\/wp-json\/wp\/v2\/product\/548","targetHints":{"allow":["GET"]}}],"collection":[{"href":"https:\/\/5bn.at\/en\/wp-json\/wp\/v2\/product"}],"about":[{"href":"https:\/\/5bn.at\/en\/wp-json\/wp\/v2\/types\/product"}],"replies":[{"embeddable":true,"href":"https:\/\/5bn.at\/en\/wp-json\/wp\/v2\/comments?post=548"}],"wp:featuredmedia":[{"embeddable":true,"href":"https:\/\/5bn.at\/en\/wp-json\/wp\/v2\/media\/4900"}],"wp:attachment":[{"href":"https:\/\/5bn.at\/en\/wp-json\/wp\/v2\/media?parent=548"}],"wp:term":[{"taxonomy":"product_brand","embeddable":true,"href":"https:\/\/5bn.at\/en\/wp-json\/wp\/v2\/product_brand?post=548"},{"taxonomy":"product_cat","embeddable":true,"href":"https:\/\/5bn.at\/en\/wp-json\/wp\/v2\/product_cat?post=548"},{"taxonomy":"product_tag","embeddable":true,"href":"https:\/\/5bn.at\/en\/wp-json\/wp\/v2\/product_tag?post=548"}],"curies":[{"name":"wp","href":"https:\/\/api.w.org\/{rel}","templated":true}]}}