{"id":5014,"date":"2025-09-06T01:19:44","date_gmt":"2025-09-05T23:19:44","guid":{"rendered":"https:\/\/5bn.at\/?post_type=product&#038;p=5014"},"modified":"2026-04-22T22:04:17","modified_gmt":"2026-04-22T20:04:17","slug":"sonderangebot-set-1-x-die-seelischen-ursachen-der-krankheiten-13-auflage-und-2-x-der-geheimnisvolle-fell-fluch-6500-e-inkl-versand","status":"publish","type":"product","link":"https:\/\/5bn.at\/en\/product\/sonderangebot-set-1-x-die-seelischen-ursachen-der-krankheiten-13-auflage-und-2-x-der-geheimnisvolle-fell-fluch-6500-e-inkl-versand\/","title":{"rendered":"Sonderangebot SET 1 x Die seelischen Ursachen der Krankheiten (13.Auflage) und 2 x Der geheimnisvolle Fell-Fluch, inkl. Versand nach Deutschland und \u00d6sterreich"},"content":{"rendered":"<h2><strong>SET-ANGEBOT:<\/strong><\/h2>\n<h3>1 x Die seelischen Ursachen der Krankheiten (13.Auflage)<\/h3>\n<p>Nach den 5 biologischen Naturgesetzen, entdeckt von Dr. Hamer<\/p>\n<p>Sie sind \u00fcberzeugt, dass Krankheiten mit unserem Seelenleben zusammenh\u00e4ngen? Aber Sie meinen, man k\u00f6nne die exakte Ursache nie genau herausfinden? Dann sollten Sie dieses Buch lesen! Der Autor stellt die bahnbrechenden Erkenntnisse des deutschen Arztes Dr. med. Mag. theol. Ryke Geerd Hamer f\u00fcr jedermann begreifbar dar. Im Einf\u00fchrungsteil werden die 5 biologischen Naturgesetze als Grundlage zum Verst\u00e4ndnis von Gesundheit und Krankheit erkl\u00e4rt. Der Lexikon-Teil ist nach Organen gegliedert und beschreibt Ursache, Verlauf, Sinn und Therapiem\u00f6glichkeiten aller g\u00e4ngigen Erkrankungen. \u00dcber 500 Konfliktbeispiele und 65 anatomische Tafeln lassen kaum W\u00fcnsche offen.<\/p>\n<p><strong>Bj\u00f6rn Eybl<\/strong><br \/>\nDer Autor Bj\u00f6rn Eybl wurde 1965 in Ober\u00f6sterreich geboren. Nach dem Abitur belegte er bei der Olympiade in Los Angeles im Windsurfen den 8. Platz. Anstatt danach in den v\u00e4terlichen Handelsbetrieb einzusteigen, entschied er sich f\u00fcr eine Massage-Lehre. \u00dcber 20 Jahre arbeitet er nun als Therapeut in eigener Praxis, ist verheiratet und verbringt seine freie Zeit am liebsten mit seiner Frau in den Bergen. Seit 8 Jahren besch\u00e4ftigt er sich intensiv mit den Entdeckungen Dr. Hamers, h\u00e4lt Vortr\u00e4ge und Seminare und setzt sich f\u00fcr deren Verbreitung ein.<\/p>\n<ul>\n<li>Verlag: Ibera Verlag<\/li>\n<li>Autor: Bj\u00f6rn Eybl<\/li>\n<li>Erscheinungsjahr: 2022<\/li>\n<li>400 Seiten<\/li>\n<li>Mit farbigen Abbildungen, Grafiken und Tabellarischen \u00dcbersichten ca. 550 St\u00fcck<\/li>\n<\/ul>\n<p>&nbsp;<\/p>\n<div>\n<h3 class=\"product_title entry-title\">2 x Der geheimnisvolle Fell-Fluch<\/h3>\n<p class=\"top20\"><b><u>Hintergrund<\/u><\/b><br \/>\nEs gibt viele Erwachsenen-Einf\u00fchrungen in die 5 Biologischen Naturgesetze, aber nahezu keine, die interessant und verst\u00e4ndlich f\u00fcr Kinder und Jugendliche sind. Dies \u00e4ndert sich mit dieser spannenden Abenteuergeschichte f\u00fcr Kinder ab 6 Jahren:<br \/>\nZielsetzung ist es, die kindliche Begeisterung zu wecken, w\u00e4hrend diese beim (Vor-)Lesen zwei Indianer-Kinder dabei begleiten, wie sie die Grundlagen dieser v\u00f6llig neuen Sichtweise auf Ver\u00e4nderungen im K\u00f6rper auf abenteuerliche spannende Weise entdecken.<\/p>\n<\/div>\n<div class=\"top20\">\n<p><b><u>Klappentext des Buches:<\/u><\/b><\/p>\n<p><i>\u201eMit diesem Buch h\u00e4ltst du die Aufzeichnungen von Stiller Baum in H\u00e4nden. Er wollte, dass die Abenteuer von Adjun, Yumi, Hama und den anderen Stammesmitgliedern nicht nur rund ums Lagerfeuer erz\u00e4hlt werden, sondern hinausgetragen werden in die gro\u00dfe, weite Welt.<\/i><\/p>\n<p>F\u00fcr jene von euch, die diese Aufzeichnungen mit offenem Herzen lesen, bergen sie einen gro\u00dfen, wertvollen Schatz.<\/p>\n<p>Es sind Geheimnisse, die zun\u00e4chst wie R\u00e4tsel anmuten und die euch, die ihr reinen Herzens begreifen wollt, auf den abenteuerlichen Pfad zum Verst\u00e4ndnis eures eigenen K\u00f6rpers f\u00fchren.<\/p>\n<p>Wir k\u00f6nnen nicht beschw\u00f6ren, dass sich die Geschichte in allen Einzelheiten so zugetragen hat. Doch Stiller Baum hat uns seine Erinnerungen anvertraut \u2013 und in seiner Erinnerung, so sagte er, hat sich alles wahrhaftig so angef\u00fchlt.<br \/>\nKomm nun mit auf den Pfad von Adjun und Yumi! Entdecke mit ihnen, wie r\u00e4tselhaftes Fellwachstum ihres Schafs Halbmond sie auf verschlungenen Wegen zu gro\u00dfen Erkenntnissen \u00fcber die Funktionsweise unseres K\u00f6rpers f\u00fchrt. Entdecke, wie alles in der Natur einen tiefen Sinn hat. Vertrau beim Lesen der Aufzeichnungen auf dein eigenes Gef\u00fchl und entdecke, was schon immer da war. Aho!\u201c<\/p>\n<\/div>","protected":false},"excerpt":{"rendered":"<p>Sie sind \u00fcberzeugt, dass Krankheiten mit unserem Seelenleben zusammenh\u00e4ngen? Aber Sie meinen, man k\u00f6nne die exakte Ursache nie genau herausfinden? Dann sollten Sie dieses Buch lesen!<\/p>","protected":false},"featured_media":5015,"comment_status":"open","ping_status":"closed","template":"","meta":[],"product_brand":[],"product_cat":[215,22],"product_tag":[],"class_list":{"0":"post-5014","1":"product","2":"type-product","3":"status-publish","4":"has-post-thumbnail","6":"product_cat-german-only","7":"product_cat-shop","9":"first","10":"instock","11":"sale","12":"purchasable","13":"product-type-simple"},"publishpress_future_action":{"enabled":false,"date":"2026-05-02 11:00:04","action":"change-status","newStatus":"draft","terms":[],"taxonomy":"product_brand","extraData":[]},"publishpress_future_workflow_manual_trigger":{"enabledWorkflows":[]},"_links":{"self":[{"href":"https:\/\/5bn.at\/en\/wp-json\/wp\/v2\/product\/5014","targetHints":{"allow":["GET"]}}],"collection":[{"href":"https:\/\/5bn.at\/en\/wp-json\/wp\/v2\/product"}],"about":[{"href":"https:\/\/5bn.at\/en\/wp-json\/wp\/v2\/types\/product"}],"replies":[{"embeddable":true,"href":"https:\/\/5bn.at\/en\/wp-json\/wp\/v2\/comments?post=5014"}],"wp:featuredmedia":[{"embeddable":true,"href":"https:\/\/5bn.at\/en\/wp-json\/wp\/v2\/media\/5015"}],"wp:attachment":[{"href":"https:\/\/5bn.at\/en\/wp-json\/wp\/v2\/media?parent=5014"}],"wp:term":[{"taxonomy":"product_brand","embeddable":true,"href":"https:\/\/5bn.at\/en\/wp-json\/wp\/v2\/product_brand?post=5014"},{"taxonomy":"product_cat","embeddable":true,"href":"https:\/\/5bn.at\/en\/wp-json\/wp\/v2\/product_cat?post=5014"},{"taxonomy":"product_tag","embeddable":true,"href":"https:\/\/5bn.at\/en\/wp-json\/wp\/v2\/product_tag?post=5014"}],"curies":[{"name":"wp","href":"https:\/\/api.w.org\/{rel}","templated":true}]}}