{"id":4872,"date":"2025-08-05T09:13:41","date_gmt":"2025-08-05T07:13:41","guid":{"rendered":"https:\/\/5bn.at\/?post_type=product&#038;p=4872"},"modified":"2025-09-07T09:34:00","modified_gmt":"2025-09-07T07:34:00","slug":"5bn-app-6-jahre-lizenz","status":"publish","type":"product","link":"https:\/\/5bn.at\/en\/product\/5bn-app-6-jahre-lizenz\/","title":{"rendered":"5BN-App 6-Jahre-Lizenz"},"content":{"rendered":"<p>Unsere 5BN-App &#8222;Die seelischen Ursachen der Krankheiten&#8220; kann <a href=\"https:\/\/5bn.at\/en\/app\/\">here<\/a> frei heruntergeladen und getestet werden. F\u00fcr den Vollzugriff wird diese Lizenz ben\u00f6tigt. Alternativ steht ebenfalls eine Lizenz f\u00fcr 1 Jahr f\u00fcr 20 Euro zur Verf\u00fcgung.<\/p>\n<p>Mit einer Lizenz kann man die App theoretisch auf verschiedenen Ger\u00e4ten nutzen (z.B. dem Handy und unter Windows), kann aber immer nur auf einem Ger\u00e4t gleichzeitig angemeldet sein. Wenn man auf mehreren Ger\u00e4ten gleichzeitig angemeldet sein m\u00f6chte (z.B. mehrere gleichzeitige Nutzer in der Familie), m\u00fcssen entsprechend mehrere Lizenzen erworben werden.<\/p>\n<p>Bei Fragen\/Problemen gibt es im Men\u00fc der App eine Kontaktm\u00f6glichkeit per Mail.<\/p>","protected":false},"excerpt":{"rendered":"<p>Unsere 5BN-App &#8222;Die seelischen Ursachen der Krankheiten&#8220; kann <a href=\"\/en\/app\/\">here<\/a> frei heruntergeladen und getestet werden. F\u00fcr den Vollzugriff wird diese Lizenz ben\u00f6tigt. Alternativ steht ebenfalls eine Lizenz f\u00fcr 1 Jahr f\u00fcr 20 Euro zur Verf\u00fcgung.<\/p>","protected":false},"featured_media":4869,"comment_status":"closed","ping_status":"closed","template":"","meta":[],"product_brand":[],"product_cat":[215],"product_tag":[],"class_list":{"0":"post-4872","1":"product","2":"type-product","3":"status-publish","4":"has-post-thumbnail","6":"product_cat-german-only","8":"first","9":"instock","10":"virtual","11":"purchasable","12":"product-type-simple"},"publishpress_future_action":{"enabled":false,"date":"2026-05-04 10:48:20","action":"change-status","newStatus":"draft","terms":[],"taxonomy":"product_brand","extraData":[]},"publishpress_future_workflow_manual_trigger":{"enabledWorkflows":[]},"_links":{"self":[{"href":"https:\/\/5bn.at\/en\/wp-json\/wp\/v2\/product\/4872","targetHints":{"allow":["GET"]}}],"collection":[{"href":"https:\/\/5bn.at\/en\/wp-json\/wp\/v2\/product"}],"about":[{"href":"https:\/\/5bn.at\/en\/wp-json\/wp\/v2\/types\/product"}],"replies":[{"embeddable":true,"href":"https:\/\/5bn.at\/en\/wp-json\/wp\/v2\/comments?post=4872"}],"wp:featuredmedia":[{"embeddable":true,"href":"https:\/\/5bn.at\/en\/wp-json\/wp\/v2\/media\/4869"}],"wp:attachment":[{"href":"https:\/\/5bn.at\/en\/wp-json\/wp\/v2\/media?parent=4872"}],"wp:term":[{"taxonomy":"product_brand","embeddable":true,"href":"https:\/\/5bn.at\/en\/wp-json\/wp\/v2\/product_brand?post=4872"},{"taxonomy":"product_cat","embeddable":true,"href":"https:\/\/5bn.at\/en\/wp-json\/wp\/v2\/product_cat?post=4872"},{"taxonomy":"product_tag","embeddable":true,"href":"https:\/\/5bn.at\/en\/wp-json\/wp\/v2\/product_tag?post=4872"}],"curies":[{"name":"wp","href":"https:\/\/api.w.org\/{rel}","templated":true}]}}