{"id":4866,"date":"2025-08-05T08:21:39","date_gmt":"2025-08-05T06:21:39","guid":{"rendered":"https:\/\/5bn.at\/?post_type=product&#038;p=4866"},"modified":"2025-09-07T09:35:59","modified_gmt":"2025-09-07T07:35:59","slug":"app-jahreslizenz","status":"publish","type":"product","link":"https:\/\/5bn.at\/en\/product\/app-jahreslizenz\/","title":{"rendered":"5BN-App Jahreslizenz"},"content":{"rendered":"<p>Unsere 5BN-App &#8222;Die seelischen Ursachen der Krankheiten&#8220; kann <a href=\"\/en\/app\/\">here<\/a> frei heruntergeladen und getestet werden. F\u00fcr den Vollzugriff wird diese Lizenz ben\u00f6tigt.<\/p>\n<p>Alternativ steht ebenfalls eine 6-Jahre-Lizenz f\u00fcr 100 Euro zur Verf\u00fcgung, wenn jemand schon wei\u00df, dass er die App dauerhaft nutzen und uns jetzt in der Startphase bei der Entwicklung finanziell unterst\u00fctzen will &#8211; oder nicht jedes Jahr eine neue Jahreslizenz kaufen m\u00f6chte.<\/p>\n<p>Mit einer Lizenz kann man die App theoretisch auf verschiedenen Ger\u00e4ten nutzen (z.B. dem Handy und unter Windows), kann aber immer nur auf einem Ger\u00e4t gleichzeitig angemeldet sein. Wenn man auf mehreren Ger\u00e4ten gleichzeitig angemeldet sein m\u00f6chte (z.B. mehrere gleichzeitige Nutzer in der Familie), m\u00fcssen entsprechend mehrere Lizenzen erworben werden.<\/p>\n<p><!--StartFragment --><span class=\"cf0\">Es wird kein Abo abgeschlossen, die Lizenz l\u00e4uft einfach nach einem Jahr aus und kann dann hier als Ein- oder Sechs-Jahreslizenz erneuert werden.<\/span><!--EndFragment --><\/p>\n<p>Bei Fragen\/Problemen gibt es im Men\u00fc der App eine Kontaktm\u00f6glichkeit per Mail.<\/p>","protected":false},"excerpt":{"rendered":"<p>Unsere 5BN-App &#8222;Die seelischen Ursachen der Krankheiten&#8220; kann <a href=\"\/en\/app\/\">here<\/a> frei heruntergeladen und getestet werden. F\u00fcr den Vollzugriff wird diese Lizenz ben\u00f6tigt.<\/p>","protected":false},"featured_media":4869,"comment_status":"closed","ping_status":"closed","template":"","meta":[],"product_brand":[],"product_cat":[215],"product_tag":[],"class_list":{"0":"post-4866","1":"product","2":"type-product","3":"status-publish","4":"has-post-thumbnail","6":"product_cat-german-only","8":"first","9":"instock","10":"downloadable","11":"virtual","12":"purchasable","13":"product-type-simple"},"publishpress_future_action":{"enabled":false,"date":"2026-05-02 12:32:17","action":"change-status","newStatus":"draft","terms":[],"taxonomy":"product_brand","extraData":[]},"publishpress_future_workflow_manual_trigger":{"enabledWorkflows":[]},"_links":{"self":[{"href":"https:\/\/5bn.at\/en\/wp-json\/wp\/v2\/product\/4866","targetHints":{"allow":["GET"]}}],"collection":[{"href":"https:\/\/5bn.at\/en\/wp-json\/wp\/v2\/product"}],"about":[{"href":"https:\/\/5bn.at\/en\/wp-json\/wp\/v2\/types\/product"}],"replies":[{"embeddable":true,"href":"https:\/\/5bn.at\/en\/wp-json\/wp\/v2\/comments?post=4866"}],"wp:featuredmedia":[{"embeddable":true,"href":"https:\/\/5bn.at\/en\/wp-json\/wp\/v2\/media\/4869"}],"wp:attachment":[{"href":"https:\/\/5bn.at\/en\/wp-json\/wp\/v2\/media?parent=4866"}],"wp:term":[{"taxonomy":"product_brand","embeddable":true,"href":"https:\/\/5bn.at\/en\/wp-json\/wp\/v2\/product_brand?post=4866"},{"taxonomy":"product_cat","embeddable":true,"href":"https:\/\/5bn.at\/en\/wp-json\/wp\/v2\/product_cat?post=4866"},{"taxonomy":"product_tag","embeddable":true,"href":"https:\/\/5bn.at\/en\/wp-json\/wp\/v2\/product_tag?post=4866"}],"curies":[{"name":"wp","href":"https:\/\/api.w.org\/{rel}","templated":true}]}}