{"id":1561,"date":"2024-05-15T22:19:30","date_gmt":"2024-05-15T20:19:30","guid":{"rendered":"https:\/\/5bn.at\/?post_type=product&#038;p=1561"},"modified":"2025-09-06T01:38:28","modified_gmt":"2025-09-05T23:38:28","slug":"die-seelischen-ursachen-der-krankheiten-10-auflage","status":"publish","type":"product","link":"https:\/\/5bn.at\/en\/product\/die-seelischen-ursachen-der-krankheiten-10-auflage\/","title":{"rendered":"Die seelischen Ursachen der Krankheiten (10.Auflage), inkl. Versand"},"content":{"rendered":"<p>Nach den 5 biologischen Naturgesetzen, entdeckt von Dr. Hamer<\/p>\n<p>Sie sind \u00fcberzeugt, dass Krankheiten mit unserem Seelenleben zusammenh\u00e4ngen? Aber Sie meinen, man k\u00f6nne die exakte Ursache nie genau herausfinden? Dann sollten Sie dieses Buch lesen! Der Autor stellt die bahnbrechenden Erkenntnisse des deutschen Arztes Dr. med. Mag. theol. Ryke Geerd Hamer f\u00fcr jedermann begreifbar dar. Im Einf\u00fchrungsteil werden die 5 biologischen Naturgesetze als Grundlage zum Verst\u00e4ndnis von Gesundheit und Krankheit erkl\u00e4rt. Der Lexikon-Teil ist nach Organen gegliedert und beschreibt Ursache, Verlauf, Sinn und Therapiem\u00f6glichkeiten aller g\u00e4ngigen Erkrankungen. \u00dcber 500 Konfliktbeispiele und 65 anatomische Tafeln lassen kaum W\u00fcnsche offen.<\/p>\n<p><strong>Bj\u00f6rn Eybl<\/strong><br \/>\nDer Autor Bj\u00f6rn Eybl wurde 1965 in Ober\u00f6sterreich geboren. Nach dem Abitur belegte er bei der Olympiade in Los Angeles im Windsurfen den 8. Platz. Anstatt danach in den v\u00e4terlichen Handelsbetrieb einzusteigen, entschied er sich f\u00fcr eine Massage-Lehre. \u00dcber 20 Jahre arbeitet er nun als Therapeut in eigener Praxis, ist verheiratet und verbringt seine freie Zeit am liebsten mit seiner Frau in den Bergen. Seit 8 Jahren besch\u00e4ftigt er sich intensiv mit den Entdeckungen Dr. Hamers, h\u00e4lt Vortr\u00e4ge und Seminare und setzt sich f\u00fcr deren Verbreitung ein.<\/p>\n<ul>\n<li>Verlag: Ibera Verlag<\/li>\n<li>Autor: Bj\u00f6rn Eybl<\/li>\n<li>Erscheinungsjahr: 2022<\/li>\n<li>400 Seiten<\/li>\n<li>Mit farbigen Abbildungen, Grafiken und Tabellarischen \u00dcbersichten ca. 550 St\u00fcck<\/li>\n<\/ul>","protected":false},"excerpt":{"rendered":"<p>Sie sind \u00fcberzeugt, dass Krankheiten mit unserem Seelenleben zusammenh\u00e4ngen? Aber Sie meinen, man k\u00f6nne die exakte Ursache nie genau herausfinden? Dann sollten Sie dieses Buch lesen!<\/p>","protected":false},"featured_media":547,"comment_status":"open","ping_status":"closed","template":"","meta":[],"product_brand":[],"product_cat":[215,22],"product_tag":[],"class_list":{"0":"post-1561","1":"product","2":"type-product","3":"status-publish","4":"has-post-thumbnail","6":"product_cat-german-only","7":"product_cat-shop","9":"first","10":"instock","11":"sale","12":"purchasable","13":"product-type-simple"},"publishpress_future_action":{"enabled":false,"date":"2026-05-02 12:26:08","action":"change-status","newStatus":"draft","terms":[],"taxonomy":"product_brand","extraData":[]},"publishpress_future_workflow_manual_trigger":{"enabledWorkflows":[]},"_links":{"self":[{"href":"https:\/\/5bn.at\/en\/wp-json\/wp\/v2\/product\/1561","targetHints":{"allow":["GET"]}}],"collection":[{"href":"https:\/\/5bn.at\/en\/wp-json\/wp\/v2\/product"}],"about":[{"href":"https:\/\/5bn.at\/en\/wp-json\/wp\/v2\/types\/product"}],"replies":[{"embeddable":true,"href":"https:\/\/5bn.at\/en\/wp-json\/wp\/v2\/comments?post=1561"}],"wp:featuredmedia":[{"embeddable":true,"href":"https:\/\/5bn.at\/en\/wp-json\/wp\/v2\/media\/547"}],"wp:attachment":[{"href":"https:\/\/5bn.at\/en\/wp-json\/wp\/v2\/media?parent=1561"}],"wp:term":[{"taxonomy":"product_brand","embeddable":true,"href":"https:\/\/5bn.at\/en\/wp-json\/wp\/v2\/product_brand?post=1561"},{"taxonomy":"product_cat","embeddable":true,"href":"https:\/\/5bn.at\/en\/wp-json\/wp\/v2\/product_cat?post=1561"},{"taxonomy":"product_tag","embeddable":true,"href":"https:\/\/5bn.at\/en\/wp-json\/wp\/v2\/product_tag?post=1561"}],"curies":[{"name":"wp","href":"https:\/\/api.w.org\/{rel}","templated":true}]}}